{"id":1073,"date":"2022-02-10T22:58:56","date_gmt":"2022-02-10T21:58:56","guid":{"rendered":"https:\/\/takeldienstmichiels.be\/transport\/"},"modified":"2024-04-09T15:28:08","modified_gmt":"2024-04-09T13:28:08","slug":"transport","status":"publish","type":"page","link":"https:\/\/takeldienstmichiels.be\/fr\/transport\/","title":{"rendered":"Transport"},"content":{"rendered":"\t\t<div data-elementor-type=\"wp-page\" data-elementor-id=\"1073\" class=\"elementor elementor-1073 elementor-340\" data-elementor-post-type=\"page\">\n\t\t\t\t\t\t\t\t\t<section class=\"elementor-section elementor-top-section elementor-element elementor-element-af68b34 elementor-section-height-min-height elementor-section-boxed elementor-section-height-default elementor-section-items-middle\" data-id=\"af68b34\" data-element_type=\"section\" data-settings=\"{&quot;background_background&quot;:&quot;classic&quot;}\">\n\t\t\t\t\t\t\t<div class=\"elementor-background-overlay\"><\/div>\n\t\t\t\t\t\t\t<div class=\"elementor-container elementor-column-gap-default\">\n\t\t\t\t\t<div class=\"elementor-column elementor-col-100 elementor-top-column elementor-element elementor-element-57b8153\" data-id=\"57b8153\" data-element_type=\"column\">\n\t\t\t<div class=\"elementor-widget-wrap elementor-element-populated\">\n\t\t\t\t\t\t\t\t\t<\/div>\n\t\t<\/div>\n\t\t\t\t\t\t\t<\/div>\n\t\t<\/section>\n\t\t\t\t<section class=\"elementor-section elementor-top-section elementor-element elementor-element-a6dd849 elementor-reverse-tablet elementor-reverse-mobile elementor-section-boxed elementor-section-height-default elementor-section-height-default\" data-id=\"a6dd849\" data-element_type=\"section\">\n\t\t\t\t\t\t<div class=\"elementor-container elementor-column-gap-default\">\n\t\t\t\t\t<div class=\"elementor-column elementor-col-50 elementor-top-column elementor-element elementor-element-95ec2e1\" data-id=\"95ec2e1\" data-element_type=\"column\">\n\t\t\t<div class=\"elementor-widget-wrap elementor-element-populated\">\n\t\t\t\t\t\t\t\t<div class=\"elementor-element elementor-element-c076649 elementor-widget__width-initial elementor-hidden-mobile elementor-widget-mobile__width-inherit elementor-widget elementor-widget-image\" data-id=\"c076649\" data-element_type=\"widget\" data-widget_type=\"image.default\">\n\t\t\t\t<div class=\"elementor-widget-container\">\n\t\t\t<style>\/*! elementor - v3.16.0 - 20-09-2023 *\/\n.elementor-widget-image{text-align:center}.elementor-widget-image a{display:inline-block}.elementor-widget-image a img[src$=\".svg\"]{width:48px}.elementor-widget-image img{vertical-align:middle;display:inline-block}<\/style>\t\t\t\t\t\t\t\t\t\t\t\t<img loading=\"lazy\" width=\"355\" height=\"490\" src=\"https:\/\/takeldienstmichiels.be\/wp-content\/uploads\/2022\/02\/snel.jpg\" class=\"attachment-full size-full wp-image-742\" alt=\"snel\" decoding=\"async\" srcset=\"https:\/\/takeldienstmichiels.be\/wp-content\/uploads\/2022\/02\/snel.jpg 355w, https:\/\/takeldienstmichiels.be\/wp-content\/uploads\/2022\/02\/snel-217x300.jpg 217w\" sizes=\"(max-width: 355px) 100vw, 355px\" \/>\t\t\t\t\t\t\t\t\t\t\t\t\t\t\t<\/div>\n\t\t\t\t<\/div>\n\t\t\t\t<div class=\"elementor-element elementor-element-231b71d elementor-hidden-desktop elementor-hidden-tablet elementor-widget elementor-widget-image\" data-id=\"231b71d\" data-element_type=\"widget\" data-widget_type=\"image.default\">\n\t\t\t\t<div class=\"elementor-widget-container\">\n\t\t\t\t\t\t\t\t\t\t\t\t\t\t\t<img loading=\"lazy\" width=\"355\" height=\"490\" src=\"https:\/\/takeldienstmichiels.be\/wp-content\/uploads\/2022\/02\/snel.jpg\" class=\"attachment-full size-full wp-image-742\" alt=\"snel\" decoding=\"async\" srcset=\"https:\/\/takeldienstmichiels.be\/wp-content\/uploads\/2022\/02\/snel.jpg 355w, https:\/\/takeldienstmichiels.be\/wp-content\/uploads\/2022\/02\/snel-217x300.jpg 217w\" sizes=\"(max-width: 355px) 100vw, 355px\" \/>\t\t\t\t\t\t\t\t\t\t\t\t\t\t\t<\/div>\n\t\t\t\t<\/div>\n\t\t\t\t<div class=\"elementor-element elementor-element-9849eb4 elementor-widget__width-initial elementor-absolute elementor-widget-tablet__width-initial elementor-widget-mobile__width-initial elementor-hidden-mobile elementor-widget elementor-widget-image\" data-id=\"9849eb4\" data-element_type=\"widget\" data-settings=\"{&quot;_position&quot;:&quot;absolute&quot;}\" data-widget_type=\"image.default\">\n\t\t\t\t<div class=\"elementor-widget-container\">\n\t\t\t\t\t\t\t\t\t\t\t\t\t\t\t<img loading=\"lazy\" width=\"290\" height=\"193\" src=\"https:\/\/takeldienstmichiels.be\/wp-content\/uploads\/2022\/02\/hulp-nodig.jpg\" class=\"attachment-full size-full wp-image-743\" alt=\"hulp nodig\" decoding=\"async\" \/>\t\t\t\t\t\t\t\t\t\t\t\t\t\t\t<\/div>\n\t\t\t\t<\/div>\n\t\t\t\t\t<\/div>\n\t\t<\/div>\n\t\t\t\t<div class=\"elementor-column elementor-col-50 elementor-top-column elementor-element elementor-element-667b35c\" data-id=\"667b35c\" data-element_type=\"column\">\n\t\t\t<div class=\"elementor-widget-wrap elementor-element-populated\">\n\t\t\t\t\t\t\t\t<div class=\"elementor-element elementor-element-f6ab12a elementor-hidden-mobile elementor-widget elementor-widget-elementskit-heading\" data-id=\"f6ab12a\" data-element_type=\"widget\" data-widget_type=\"elementskit-heading.default\">\n\t\t\t\t<div class=\"elementor-widget-container\">\n\t\t\t<div class=\"ekit-wid-con\" ><div class=\"ekit-heading elementskit-section-title-wraper text_left   ekit_heading_tablet-   ekit_heading_mobile-\"><div class=\"ekit_heading_separetor_wraper ekit_heading_elementskit-border-divider elementskit-style-long\"><div class=\"elementskit-border-divider elementskit-style-long\"><\/div><\/div><span class=\"ekit-heading--title elementskit-section-title \">Conducteurs qualifi\u00e9s<\/span><\/div><\/div>\t\t<\/div>\n\t\t\t\t<\/div>\n\t\t\t\t<div class=\"elementor-element elementor-element-6bcd5c6 elementor-hidden-desktop elementor-hidden-tablet elementor-widget elementor-widget-elementskit-heading\" data-id=\"6bcd5c6\" data-element_type=\"widget\" data-widget_type=\"elementskit-heading.default\">\n\t\t\t\t<div class=\"elementor-widget-container\">\n\t\t\t<div class=\"ekit-wid-con\" ><div class=\"ekit-heading elementskit-section-title-wraper text_center   ekit_heading_tablet-   ekit_heading_mobile-\"><span class=\"ekit-heading--title elementskit-section-title \">Conducteurs qualifi\u00e9s<\/span><div class=\"ekit_heading_separetor_wraper ekit_heading_elementskit-border-divider elementskit-style-long\"><div class=\"elementskit-border-divider elementskit-style-long\"><\/div><\/div><\/div><\/div>\t\t<\/div>\n\t\t\t\t<\/div>\n\t\t\t\t<div class=\"elementor-element elementor-element-db1be09 elementor-widget elementor-widget-heading\" data-id=\"db1be09\" data-element_type=\"widget\" data-widget_type=\"heading.default\">\n\t\t\t\t<div class=\"elementor-widget-container\">\n\t\t\t<style>\/*! elementor - v3.16.0 - 20-09-2023 *\/\n.elementor-heading-title{padding:0;margin:0;line-height:1}.elementor-widget-heading .elementor-heading-title[class*=elementor-size-]>a{color:inherit;font-size:inherit;line-height:inherit}.elementor-widget-heading .elementor-heading-title.elementor-size-small{font-size:15px}.elementor-widget-heading .elementor-heading-title.elementor-size-medium{font-size:19px}.elementor-widget-heading .elementor-heading-title.elementor-size-large{font-size:29px}.elementor-widget-heading .elementor-heading-title.elementor-size-xl{font-size:39px}.elementor-widget-heading .elementor-heading-title.elementor-size-xxl{font-size:59px}<\/style><h2 class=\"elementor-heading-title elementor-size-default\">Transport au niveau (inter)national<\/h2>\t\t<\/div>\n\t\t\t\t<\/div>\n\t\t\t\t<div class=\"elementor-element elementor-element-333e08c elementor-widget elementor-widget-text-editor\" data-id=\"333e08c\" data-element_type=\"widget\" data-widget_type=\"text-editor.default\">\n\t\t\t\t<div class=\"elementor-widget-container\">\n\t\t\t<style>\/*! elementor - v3.16.0 - 20-09-2023 *\/\n.elementor-widget-text-editor.elementor-drop-cap-view-stacked .elementor-drop-cap{background-color:#69727d;color:#fff}.elementor-widget-text-editor.elementor-drop-cap-view-framed .elementor-drop-cap{color:#69727d;border:3px solid;background-color:transparent}.elementor-widget-text-editor:not(.elementor-drop-cap-view-default) .elementor-drop-cap{margin-top:8px}.elementor-widget-text-editor:not(.elementor-drop-cap-view-default) .elementor-drop-cap-letter{width:1em;height:1em}.elementor-widget-text-editor .elementor-drop-cap{float:left;text-align:center;line-height:1;font-size:50px}.elementor-widget-text-editor .elementor-drop-cap-letter{display:inline-block}<\/style>\t\t\t\t<p><span style=\"font-weight: 400;\">Nos <\/span><b>camions<\/b><span style=\"font-weight: 400;\"> parcourent chaque jour les routes <\/span><b>nationales<\/b><span style=\"font-weight: 400;\"> et <\/span><b>internationales<\/b><span style=\"font-weight: 400;\"> pour transporter des marchandises \u00e0 la demande de nos clients.<\/span><\/p><p><span style=\"font-weight: 400;\"> Nous adaptons notre <\/span><b>planning<\/b><span style=\"font-weight: 400;\"> \u00e0 vos besoins et vous pouvez toujours compter sur nos <\/span><b>chauffeurs comp\u00e9tents<\/b><span style=\"font-weight: 400;\">. De cette mani\u00e8re, nous livrons les colis et les chargements <\/span><b>correctement<\/b><span style=\"font-weight: 400;\"> et en toute <\/span><b>s\u00e9curit\u00e9<\/b><span style=\"font-weight: 400;\"> \u00e0 leur destination.<\/span><\/p>\t\t\t\t\t\t<\/div>\n\t\t\t\t<\/div>\n\t\t\t\t\t<\/div>\n\t\t<\/div>\n\t\t\t\t\t\t\t<\/div>\n\t\t<\/section>\n\t\t\t\t<section class=\"elementor-section elementor-top-section elementor-element elementor-element-d80fbb6 elementor-section-boxed elementor-section-height-default elementor-section-height-default\" data-id=\"d80fbb6\" data-element_type=\"section\" data-settings=\"{&quot;background_background&quot;:&quot;classic&quot;}\">\n\t\t\t\t\t\t<div class=\"elementor-container elementor-column-gap-default\">\n\t\t\t\t\t<div class=\"elementor-column elementor-col-50 elementor-top-column elementor-element elementor-element-d47f484\" data-id=\"d47f484\" data-element_type=\"column\">\n\t\t\t<div class=\"elementor-widget-wrap elementor-element-populated\">\n\t\t\t\t\t\t\t\t<div class=\"elementor-element elementor-element-ea308aa elementor-hidden-mobile elementor-widget elementor-widget-elementskit-heading\" data-id=\"ea308aa\" data-element_type=\"widget\" data-widget_type=\"elementskit-heading.default\">\n\t\t\t\t<div class=\"elementor-widget-container\">\n\t\t\t<div class=\"ekit-wid-con\" ><div class=\"ekit-heading elementskit-section-title-wraper text_left   ekit_heading_tablet-   ekit_heading_mobile-\"><div class=\"ekit_heading_separetor_wraper ekit_heading_elementskit-border-divider elementskit-style-long\"><div class=\"elementskit-border-divider elementskit-style-long\"><\/div><\/div><span class=\"ekit-heading--title elementskit-section-title \">Avec remorque d'accompagnement<\/span><\/div><\/div>\t\t<\/div>\n\t\t\t\t<\/div>\n\t\t\t\t<div class=\"elementor-element elementor-element-3bd07ad elementor-hidden-desktop elementor-hidden-tablet elementor-widget elementor-widget-elementskit-heading\" data-id=\"3bd07ad\" data-element_type=\"widget\" data-widget_type=\"elementskit-heading.default\">\n\t\t\t\t<div class=\"elementor-widget-container\">\n\t\t\t<div class=\"ekit-wid-con\" ><div class=\"ekit-heading elementskit-section-title-wraper text_center   ekit_heading_tablet-   ekit_heading_mobile-\"><span class=\"ekit-heading--title elementskit-section-title \">Avec remorque d'accompagnement<\/span><div class=\"ekit_heading_separetor_wraper ekit_heading_elementskit-border-divider elementskit-style-long\"><div class=\"elementskit-border-divider elementskit-style-long\"><\/div><\/div><\/div><\/div>\t\t<\/div>\n\t\t\t\t<\/div>\n\t\t\t\t<div class=\"elementor-element elementor-element-0426293 elementor-widget elementor-widget-heading\" data-id=\"0426293\" data-element_type=\"widget\" data-widget_type=\"heading.default\">\n\t\t\t\t<div class=\"elementor-widget-container\">\n\t\t\t<h2 class=\"elementor-heading-title elementor-size-default\">Des camionnettes \u00e0 des remorques<\/h2>\t\t<\/div>\n\t\t\t\t<\/div>\n\t\t\t\t<div class=\"elementor-element elementor-element-63edb66 elementor-widget elementor-widget-text-editor\" data-id=\"63edb66\" data-element_type=\"widget\" data-widget_type=\"text-editor.default\">\n\t\t\t\t<div class=\"elementor-widget-container\">\n\t\t\t\t\t\t\t<p><span style=\"font-weight: 400;\">Nous d\u00e9ployons non seulement des gros camions, mais aussi des <\/span><b>camionnettes<\/b><span style=\"font-weight: 400;\">, des petits camions et des <\/span><b>remorques<\/b><span style=\"font-weight: 400;\">. Il est possible de les utiliser avec diff\u00e9rents types de <\/span><b>remorques<\/b><span style=\"font-weight: 400;\"> (telles que les remorques \u00e0 rouleaux, les remorques r\u00e9frig\u00e9rantes, les remorques \u00e0 b\u00e2che, etc.). Nous disposons ainsi du meilleur \u00e9quipement et vous proposons la solution la plus adapt\u00e9e.<\/span><\/p>\t\t\t\t\t\t<\/div>\n\t\t\t\t<\/div>\n\t\t\t\t\t<\/div>\n\t\t<\/div>\n\t\t\t\t<div class=\"elementor-column elementor-col-50 elementor-top-column elementor-element elementor-element-cce7f53\" data-id=\"cce7f53\" data-element_type=\"column\">\n\t\t\t<div class=\"elementor-widget-wrap elementor-element-populated\">\n\t\t\t\t\t\t\t\t<div class=\"elementor-element elementor-element-96003fb elementor-widget-mobile__width-initial elementor-hidden-phone elementor-widget elementor-widget-image\" data-id=\"96003fb\" data-element_type=\"widget\" data-widget_type=\"image.default\">\n\t\t\t\t<div class=\"elementor-widget-container\">\n\t\t\t\t\t\t\t\t\t\t\t\t\t\t\t<img loading=\"lazy\" width=\"580\" height=\"405\" src=\"https:\/\/takeldienstmichiels.be\/wp-content\/uploads\/2022\/02\/pech-onderweg.jpg\" class=\"attachment-full size-full wp-image-744\" alt=\"pech onderweg\" decoding=\"async\" srcset=\"https:\/\/takeldienstmichiels.be\/wp-content\/uploads\/2022\/02\/pech-onderweg.jpg 580w, https:\/\/takeldienstmichiels.be\/wp-content\/uploads\/2022\/02\/pech-onderweg-300x209.jpg 300w\" sizes=\"(max-width: 580px) 100vw, 580px\" \/>\t\t\t\t\t\t\t\t\t\t\t\t\t\t\t<\/div>\n\t\t\t\t<\/div>\n\t\t\t\t<div class=\"elementor-element elementor-element-6378031 elementor-hidden-desktop elementor-hidden-tablet elementor-widget elementor-widget-image\" data-id=\"6378031\" data-element_type=\"widget\" data-widget_type=\"image.default\">\n\t\t\t\t<div class=\"elementor-widget-container\">\n\t\t\t\t\t\t\t\t\t\t\t\t\t\t\t<img loading=\"lazy\" width=\"580\" height=\"405\" src=\"https:\/\/takeldienstmichiels.be\/wp-content\/uploads\/2022\/02\/pech-onderweg.jpg\" class=\"attachment-full size-full wp-image-744\" alt=\"pech onderweg\" decoding=\"async\" srcset=\"https:\/\/takeldienstmichiels.be\/wp-content\/uploads\/2022\/02\/pech-onderweg.jpg 580w, https:\/\/takeldienstmichiels.be\/wp-content\/uploads\/2022\/02\/pech-onderweg-300x209.jpg 300w\" sizes=\"(max-width: 580px) 100vw, 580px\" \/>\t\t\t\t\t\t\t\t\t\t\t\t\t\t\t<\/div>\n\t\t\t\t<\/div>\n\t\t\t\t\t<\/div>\n\t\t<\/div>\n\t\t\t\t\t\t\t<\/div>\n\t\t<\/section>\n\t\t\t\t<section class=\"elementor-section elementor-top-section elementor-element elementor-element-d1ef3b0 elementor-section-boxed elementor-section-height-default elementor-section-height-default\" data-id=\"d1ef3b0\" data-element_type=\"section\" data-settings=\"{&quot;background_background&quot;:&quot;classic&quot;}\">\n\t\t\t\t\t\t\t<div class=\"elementor-background-overlay\"><\/div>\n\t\t\t\t\t\t\t<div class=\"elementor-container elementor-column-gap-default\">\n\t\t\t\t\t<div class=\"elementor-column elementor-col-100 elementor-top-column elementor-element elementor-element-e7cbbdc\" data-id=\"e7cbbdc\" data-element_type=\"column\">\n\t\t\t<div class=\"elementor-widget-wrap elementor-element-populated\">\n\t\t\t\t\t\t\t\t<div class=\"elementor-element elementor-element-94045be elementor-widget elementor-widget-heading\" data-id=\"94045be\" data-element_type=\"widget\" data-widget_type=\"heading.default\">\n\t\t\t\t<div class=\"elementor-widget-container\">\n\t\t\t<h3 class=\"elementor-heading-title elementor-size-default\">Besoin de transporter une cargaison ?<\/h3>\t\t<\/div>\n\t\t\t\t<\/div>\n\t\t\t\t<div class=\"elementor-element elementor-element-93eaede elementor-widget elementor-widget-heading\" data-id=\"93eaede\" data-element_type=\"widget\" data-widget_type=\"heading.default\">\n\t\t\t\t<div class=\"elementor-widget-container\">\n\t\t\t<div class=\"elementor-heading-title elementor-size-default\">Demandez une offre non contraignante d\u00e8s aujourd'hui !<\/div>\t\t<\/div>\n\t\t\t\t<\/div>\n\t\t\t\t<div class=\"elementor-element elementor-element-d182e99 elementor-widget elementor-widget-elementskit-button\" data-id=\"d182e99\" data-element_type=\"widget\" data-widget_type=\"elementskit-button.default\">\n\t\t\t\t<div class=\"elementor-widget-container\">\n\t\t\t<div class=\"ekit-wid-con\" >\t\t<div class=\"ekit-btn-wraper\">\n\t\t\t\t\t\t\t<a href=\"https:\/\/takeldienstmichiels.be\/fr\/contact\/\" class=\"elementskit-btn  whitespace--normal\" >\n\t\t\t\t\t\n\t\t\t\t\t\n\t\t\t\t\tJe souhaite une offre\t\t\t\t<\/a>\n\t\t\t\t\t\t<\/div>\n        <\/div>\t\t<\/div>\n\t\t\t\t<\/div>\n\t\t\t\t\t<\/div>\n\t\t<\/div>\n\t\t\t\t\t\t\t<\/div>\n\t\t<\/section>\n\t\t\t\t<section class=\"elementor-section elementor-top-section elementor-element elementor-element-c930600 elementor-reverse-tablet elementor-reverse-mobile elementor-section-boxed elementor-section-height-default elementor-section-height-default\" data-id=\"c930600\" data-element_type=\"section\">\n\t\t\t\t\t\t<div class=\"elementor-container elementor-column-gap-default\">\n\t\t\t\t\t<div class=\"elementor-column elementor-col-50 elementor-top-column elementor-element elementor-element-6d4215b\" data-id=\"6d4215b\" data-element_type=\"column\">\n\t\t\t<div class=\"elementor-widget-wrap elementor-element-populated\">\n\t\t\t\t\t\t\t\t<div class=\"elementor-element elementor-element-6a4076c elementor-widget-mobile__width-inherit elementor-widget elementor-widget-image\" data-id=\"6a4076c\" data-element_type=\"widget\" data-widget_type=\"image.default\">\n\t\t\t\t<div class=\"elementor-widget-container\">\n\t\t\t\t\t\t\t\t\t\t\t\t\t\t\t<img loading=\"lazy\" width=\"580\" height=\"405\" src=\"https:\/\/takeldienstmichiels.be\/wp-content\/uploads\/2022\/02\/takelwagen.jpg\" class=\"attachment-full size-full wp-image-745\" alt=\"takelwagen\" decoding=\"async\" srcset=\"https:\/\/takeldienstmichiels.be\/wp-content\/uploads\/2022\/02\/takelwagen.jpg 580w, https:\/\/takeldienstmichiels.be\/wp-content\/uploads\/2022\/02\/takelwagen-300x209.jpg 300w\" sizes=\"(max-width: 580px) 100vw, 580px\" \/>\t\t\t\t\t\t\t\t\t\t\t\t\t\t\t<\/div>\n\t\t\t\t<\/div>\n\t\t\t\t\t<\/div>\n\t\t<\/div>\n\t\t\t\t<div class=\"elementor-column elementor-col-50 elementor-top-column elementor-element elementor-element-1be0ba0\" data-id=\"1be0ba0\" data-element_type=\"column\">\n\t\t\t<div class=\"elementor-widget-wrap elementor-element-populated\">\n\t\t\t\t\t\t\t\t<div class=\"elementor-element elementor-element-fa6c25e elementor-hidden-mobile elementor-widget elementor-widget-elementskit-heading\" data-id=\"fa6c25e\" data-element_type=\"widget\" data-widget_type=\"elementskit-heading.default\">\n\t\t\t\t<div class=\"elementor-widget-container\">\n\t\t\t<div class=\"ekit-wid-con\" ><div class=\"ekit-heading elementskit-section-title-wraper text_left   ekit_heading_tablet-   ekit_heading_mobile-\"><div class=\"ekit_heading_separetor_wraper ekit_heading_elementskit-border-divider elementskit-style-long\"><div class=\"elementskit-border-divider elementskit-style-long\"><\/div><\/div><span class=\"ekit-heading--title elementskit-section-title \">Vos dossiers en ordre<\/span><\/div><\/div>\t\t<\/div>\n\t\t\t\t<\/div>\n\t\t\t\t<div class=\"elementor-element elementor-element-c49ee05 elementor-hidden-desktop elementor-hidden-tablet elementor-widget elementor-widget-elementskit-heading\" data-id=\"c49ee05\" data-element_type=\"widget\" data-widget_type=\"elementskit-heading.default\">\n\t\t\t\t<div class=\"elementor-widget-container\">\n\t\t\t<div class=\"ekit-wid-con\" ><div class=\"ekit-heading elementskit-section-title-wraper text_center   ekit_heading_tablet-   ekit_heading_mobile-\"><span class=\"ekit-heading--title elementskit-section-title \">Vos dossiers en ordre<\/span><div class=\"ekit_heading_separetor_wraper ekit_heading_elementskit-border-divider elementskit-style-long\"><div class=\"elementskit-border-divider elementskit-style-long\"><\/div><\/div><\/div><\/div>\t\t<\/div>\n\t\t\t\t<\/div>\n\t\t\t\t<div class=\"elementor-element elementor-element-3fce985 elementor-widget elementor-widget-heading\" data-id=\"3fce985\" data-element_type=\"widget\" data-widget_type=\"heading.default\">\n\t\t\t\t<div class=\"elementor-widget-container\">\n\t\t\t<h2 class=\"elementor-heading-title elementor-size-default\">Y compris les documents de transport<\/h2>\t\t<\/div>\n\t\t\t\t<\/div>\n\t\t\t\t<div class=\"elementor-element elementor-element-5635f76 elementor-widget elementor-widget-text-editor\" data-id=\"5635f76\" data-element_type=\"widget\" data-widget_type=\"text-editor.default\">\n\t\t\t\t<div class=\"elementor-widget-container\">\n\t\t\t\t\t\t\t<p><span style=\"font-weight: 400;\">En mati\u00e8re de <\/span><b>transport international<\/b><span style=\"font-weight: 400;\">, vous pouvez compter sur notre professionnalisme. Pour vous garantir un voyage sans encombre, nous suivons de pr\u00e8s tous les documents qui doivent \u00eatre <\/span><b>en ordre<\/b><span style=\"font-weight: 400;\">. Nous disposons de permis de conduire sur les routes <\/span><b>belges<\/b><span style=\"font-weight: 400;\">, n\u00e9erlandaises, <\/span><b>allemandes<\/b><span style=\"font-weight: 400;\">, britanniques et <\/span><b>fran\u00e7aises<\/b><span style=\"font-weight: 400;\">.<\/span><\/p><p><span style=\"font-weight: 400;\">Si vous souhaitez utiliser nos services dans d&rsquo;autres pays, nous nous chargeons imm\u00e9diatement de tous les <\/span><b>documents<\/b><span style=\"font-weight: 400;\"> suppl\u00e9mentaires n\u00e9cessaires. En outre, nous veillons \u00e0 ce que l&rsquo;\u00e9quipe suive des formations actualis\u00e9es sur les derni\u00e8res <\/span><b>techniques<\/b><span style=\"font-weight: 400;\"> et r\u00e9glementations en mati\u00e8re de <\/span><b>transport<\/b><span style=\"font-weight: 400;\">. Envoyez-nous un <\/span><a href=\"https:\/\/takeldienstmichiels.be\/fr\/contact\/\"><b>message<\/b><\/a><span style=\"font-weight: 400;\"> \u00e0 l&rsquo;avance si vous souhaitez travailler avec nous.<\/span><\/p>\t\t\t\t\t\t<\/div>\n\t\t\t\t<\/div>\n\t\t\t\t\t<\/div>\n\t\t<\/div>\n\t\t\t\t\t\t\t<\/div>\n\t\t<\/section>\n\t\t\t\t\t\t\t<\/div>\n\t\t","protected":false},"excerpt":{"rendered":"<p>Conducteurs qualifi\u00e9s Conducteurs qualifi\u00e9s Transport au niveau (inter)national Nos camions parcourent chaque jour les routes nationales et internationales pour transporter des marchandises \u00e0 la demande de nos clients. Nous adaptons notre planning \u00e0 vos besoins et vous pouvez toujours compter sur nos chauffeurs comp\u00e9tents. De cette mani\u00e8re, nous livrons les colis et les chargements correctement [&hellip;]<\/p>\n","protected":false},"author":1,"featured_media":0,"parent":0,"menu_order":0,"comment_status":"closed","ping_status":"closed","template":"elementor_header_footer","meta":{"footnotes":""},"_links":{"self":[{"href":"https:\/\/takeldienstmichiels.be\/fr\/wp-json\/wp\/v2\/pages\/1073"}],"collection":[{"href":"https:\/\/takeldienstmichiels.be\/fr\/wp-json\/wp\/v2\/pages"}],"about":[{"href":"https:\/\/takeldienstmichiels.be\/fr\/wp-json\/wp\/v2\/types\/page"}],"author":[{"embeddable":true,"href":"https:\/\/takeldienstmichiels.be\/fr\/wp-json\/wp\/v2\/users\/1"}],"replies":[{"embeddable":true,"href":"https:\/\/takeldienstmichiels.be\/fr\/wp-json\/wp\/v2\/comments?post=1073"}],"version-history":[{"count":23,"href":"https:\/\/takeldienstmichiels.be\/fr\/wp-json\/wp\/v2\/pages\/1073\/revisions"}],"predecessor-version":[{"id":1259,"href":"https:\/\/takeldienstmichiels.be\/fr\/wp-json\/wp\/v2\/pages\/1073\/revisions\/1259"}],"wp:attachment":[{"href":"https:\/\/takeldienstmichiels.be\/fr\/wp-json\/wp\/v2\/media?parent=1073"}],"curies":[{"name":"wp","href":"https:\/\/api.w.org\/{rel}","templated":true}]}}